{"id":13,"date":"2015-03-05T10:56:57","date_gmt":"2015-03-05T10:56:57","guid":{"rendered":"http:\/\/localhost\/erciyes\/?page_id=13"},"modified":"2015-03-18T15:52:18","modified_gmt":"2015-03-18T15:52:18","slug":"foto-galeri","status":"publish","type":"page","link":"https:\/\/www.erciyescam.com.tr\/en\/foto-galeri\/","title":{"rendered":"Photo Gallery"},"content":{"rendered":"<p>\n\t\t<style type=\"text\/css\">\n\t\t\t#gallery-1 {\n\t\t\t\tmargin: auto;\n\t\t\t}\n\t\t\t#gallery-1 .gallery-item {\n\t\t\t\tfloat: left;\n\t\t\t\tmargin-top: 10px;\n\t\t\t\ttext-align: center;\n\t\t\t\twidth: 25%;\n\t\t\t}\n\t\t\t#gallery-1 img {\n\t\t\t\tborder: 2px solid #cfcfcf;\n\t\t\t}\n\t\t\t#gallery-1 .gallery-caption {\n\t\t\t\tmargin-left: 0;\n\t\t\t}\n\t\t\t\/* see gallery_shortcode() in wp-includes\/media.php *\/\n\t\t<\/style>\n\t\t<div id='gallery-1' class='gallery galleryid-13 gallery-columns-4 gallery-size-thumbnail'><dl class='gallery-item'>\n\t\t\t<dt class='gallery-icon portrait'>\n\t\t\t\t<a href='https:\/\/www.erciyescam.com.tr\/wp-content\/uploads\/2015\/03\/aksa-jenerat\u00f6r-5.jpg'><img loading=\"lazy\" decoding=\"async\" width=\"150\" height=\"150\" src=\"https:\/\/www.erciyescam.com.tr\/wp-content\/uploads\/2015\/03\/aksa-jenerat\u00f6r-5-150x150.jpg\" class=\"attachment-thumbnail size-thumbnail\" alt=\"\" \/><\/a>\n\t\t\t<\/dt><\/dl><dl class='gallery-item'>\n\t\t\t<dt class='gallery-icon landscape'>\n\t\t\t\t<a href='https:\/\/www.erciyescam.com.tr\/wp-content\/uploads\/2015\/03\/DSC_4124.jpg'><img loading=\"lazy\" decoding=\"async\" width=\"150\" height=\"150\" src=\"https:\/\/www.erciyescam.com.tr\/wp-content\/uploads\/2015\/03\/DSC_4124-150x150.jpg\" class=\"attachment-thumbnail size-thumbnail\" alt=\"\" \/><\/a>\n\t\t\t<\/dt><\/dl><dl class='gallery-item'>\n\t\t\t<dt class='gallery-icon landscape'>\n\t\t\t\t<a href='https:\/\/www.erciyescam.com.tr\/wp-content\/uploads\/2015\/03\/emrenes-orman-\u00fcr\u00fcnleri.jpg'><img loading=\"lazy\" decoding=\"async\" width=\"150\" height=\"150\" src=\"https:\/\/www.erciyescam.com.tr\/wp-content\/uploads\/2015\/03\/emrenes-orman-\u00fcr\u00fcnleri-150x150.jpg\" class=\"attachment-thumbnail size-thumbnail\" alt=\"\" \/><\/a>\n\t\t\t<\/dt><\/dl><dl class='gallery-item'>\n\t\t\t<dt class='gallery-icon landscape'>\n\t\t\t\t<a href='https:\/\/www.erciyescam.com.tr\/wp-content\/uploads\/2015\/03\/g\u00fcnep-kuruk\u00f6pr\u00fc.jpg'><img loading=\"lazy\" decoding=\"async\" width=\"150\" height=\"150\" src=\"https:\/\/www.erciyescam.com.tr\/wp-content\/uploads\/2015\/03\/g\u00fcnep-kuruk\u00f6pr\u00fc-150x150.jpg\" class=\"attachment-thumbnail size-thumbnail\" alt=\"\" \/><\/a>\n\t\t\t<\/dt><\/dl><br style=\"clear: both\" \/><dl class='gallery-item'>\n\t\t\t<dt class='gallery-icon landscape'>\n\t\t\t\t<a href='https:\/\/www.erciyescam.com.tr\/wp-content\/uploads\/2015\/03\/g\u00fcnep-panora-2.jpg'><img loading=\"lazy\" decoding=\"async\" width=\"150\" height=\"150\" src=\"https:\/\/www.erciyescam.com.tr\/wp-content\/uploads\/2015\/03\/g\u00fcnep-panora-2-150x150.jpg\" class=\"attachment-thumbnail size-thumbnail\" alt=\"\" \/><\/a>\n\t\t\t<\/dt><\/dl><dl class='gallery-item'>\n\t\t\t<dt class='gallery-icon landscape'>\n\t\t\t\t<a href='https:\/\/www.erciyescam.com.tr\/wp-content\/uploads\/2015\/03\/g\u00fcnep-panorama-10.jpg'><img loading=\"lazy\" decoding=\"async\" width=\"150\" height=\"150\" src=\"https:\/\/www.erciyescam.com.tr\/wp-content\/uploads\/2015\/03\/g\u00fcnep-panorama-10-150x150.jpg\" class=\"attachment-thumbnail size-thumbnail\" alt=\"\" \/><\/a>\n\t\t\t<\/dt><\/dl><dl class='gallery-item'>\n\t\t\t<dt class='gallery-icon landscape'>\n\t\t\t\t<a href='https:\/\/www.erciyescam.com.tr\/wp-content\/uploads\/2015\/03\/\u015firin-otel-14.jpg'><img loading=\"lazy\" decoding=\"async\" width=\"150\" height=\"150\" src=\"https:\/\/www.erciyescam.com.tr\/wp-content\/uploads\/2015\/03\/\u015firin-otel-14-150x150.jpg\" class=\"attachment-thumbnail size-thumbnail\" alt=\"\" \/><\/a>\n\t\t\t<\/dt><\/dl><dl class='gallery-item'>\n\t\t\t<dt class='gallery-icon portrait'>\n\t\t\t\t<a href='https:\/\/www.erciyescam.com.tr\/wp-content\/uploads\/2015\/03\/\u015firin-otel-36.jpg'><img loading=\"lazy\" decoding=\"async\" width=\"150\" height=\"150\" src=\"https:\/\/www.erciyescam.com.tr\/wp-content\/uploads\/2015\/03\/\u015firin-otel-36-150x150.jpg\" class=\"attachment-thumbnail size-thumbnail\" alt=\"\" \/><\/a>\n\t\t\t<\/dt><\/dl><br style=\"clear: both\" \/><dl class='gallery-item'>\n\t\t\t<dt class='gallery-icon landscape'>\n\t\t\t\t<a href='https:\/\/www.erciyescam.com.tr\/wp-content\/uploads\/2015\/03\/yolbulan-ba\u015ftu\u011f1.jpg'><img loading=\"lazy\" decoding=\"async\" width=\"150\" height=\"150\" src=\"https:\/\/www.erciyescam.com.tr\/wp-content\/uploads\/2015\/03\/yolbulan-ba\u015ftu\u011f1-150x150.jpg\" class=\"attachment-thumbnail size-thumbnail\" alt=\"\" \/><\/a>\n\t\t\t<\/dt><\/dl><dl class='gallery-item'>\n\t\t\t<dt class='gallery-icon landscape'>\n\t\t\t\t<a href='https:\/\/www.erciyescam.com.tr\/wp-content\/uploads\/2015\/03\/yolbulan-ba\u015ftu\u011f-2.jpg'><img loading=\"lazy\" decoding=\"async\" width=\"150\" height=\"150\" src=\"https:\/\/www.erciyescam.com.tr\/wp-content\/uploads\/2015\/03\/yolbulan-ba\u015ftu\u011f-2-150x150.jpg\" class=\"attachment-thumbnail size-thumbnail\" alt=\"\" \/><\/a>\n\t\t\t<\/dt><\/dl><dl class='gallery-item'>\n\t\t\t<dt class='gallery-icon landscape'>\n\t\t\t\t<a href='https:\/\/www.erciyescam.com.tr\/wp-content\/uploads\/2015\/03\/\u00e7ukurova-belediyesi-16.jpg'><img loading=\"lazy\" decoding=\"async\" width=\"150\" height=\"150\" src=\"https:\/\/www.erciyescam.com.tr\/wp-content\/uploads\/2015\/03\/\u00e7ukurova-belediyesi-16-150x150.jpg\" class=\"attachment-thumbnail size-thumbnail\" alt=\"\" \/><\/a>\n\t\t\t<\/dt><\/dl><dl class='gallery-item'>\n\t\t\t<dt class='gallery-icon portrait'>\n\t\t\t\t<a href='https:\/\/www.erciyescam.com.tr\/wp-content\/uploads\/2015\/03\/\u00e7ukurova-belediyesi.jpg'><img loading=\"lazy\" decoding=\"async\" width=\"150\" height=\"150\" src=\"https:\/\/www.erciyescam.com.tr\/wp-content\/uploads\/2015\/03\/\u00e7ukurova-belediyesi-150x150.jpg\" class=\"attachment-thumbnail size-thumbnail\" alt=\"\" \/><\/a>\n\t\t\t<\/dt><\/dl><br style=\"clear: both\" \/><dl class='gallery-item'>\n\t\t\t<dt class='gallery-icon landscape'>\n\t\t\t\t<a href='https:\/\/www.erciyescam.com.tr\/wp-content\/uploads\/2015\/03\/dekor_mobilya_mobilyacilar-sitesi_adana-3.jpg'><img loading=\"lazy\" decoding=\"async\" width=\"150\" height=\"150\" src=\"https:\/\/www.erciyescam.com.tr\/wp-content\/uploads\/2015\/03\/dekor_mobilya_mobilyacilar-sitesi_adana-3-150x150.jpg\" class=\"attachment-thumbnail size-thumbnail\" alt=\"\" \/><\/a>\n\t\t\t<\/dt><\/dl><dl class='gallery-item'>\n\t\t\t<dt class='gallery-icon landscape'>\n\t\t\t\t<a href='https:\/\/www.erciyescam.com.tr\/wp-content\/uploads\/2015\/03\/P9080458.jpg'><img loading=\"lazy\" decoding=\"async\" width=\"150\" height=\"150\" src=\"https:\/\/www.erciyescam.com.tr\/wp-content\/uploads\/2015\/03\/P9080458-150x150.jpg\" class=\"attachment-thumbnail size-thumbnail\" alt=\"\" \/><\/a>\n\t\t\t<\/dt><\/dl><dl class='gallery-item'>\n\t\t\t<dt class='gallery-icon landscape'>\n\t\t\t\t<a href='https:\/\/www.erciyescam.com.tr\/wp-content\/uploads\/2015\/03\/P9080465.jpg'><img loading=\"lazy\" decoding=\"async\" width=\"150\" height=\"150\" src=\"https:\/\/www.erciyescam.com.tr\/wp-content\/uploads\/2015\/03\/P9080465-150x150.jpg\" class=\"attachment-thumbnail size-thumbnail\" alt=\"\" \/><\/a>\n\t\t\t<\/dt><\/dl><dl class='gallery-item'>\n\t\t\t<dt class='gallery-icon landscape'>\n\t\t\t\t<a href='https:\/\/www.erciyescam.com.tr\/wp-content\/uploads\/2015\/03\/P9080474.jpg'><img loading=\"lazy\" decoding=\"async\" width=\"150\" height=\"150\" src=\"https:\/\/www.erciyescam.com.tr\/wp-content\/uploads\/2015\/03\/P9080474-150x150.jpg\" class=\"attachment-thumbnail size-thumbnail\" alt=\"\" \/><\/a>\n\t\t\t<\/dt><\/dl><br style=\"clear: both\" \/>\n\t\t<\/div>\n<\/p>","protected":false},"excerpt":{"rendered":"","protected":false},"author":3,"featured_media":0,"parent":0,"menu_order":0,"comment_status":"open","ping_status":"closed","template":"","meta":{"footnotes":""},"class_list":["post-13","page","type-page","status-publish","hentry"],"_links":{"self":[{"href":"https:\/\/www.erciyescam.com.tr\/en\/wp-json\/wp\/v2\/pages\/13","targetHints":{"allow":["GET"]}}],"collection":[{"href":"https:\/\/www.erciyescam.com.tr\/en\/wp-json\/wp\/v2\/pages"}],"about":[{"href":"https:\/\/www.erciyescam.com.tr\/en\/wp-json\/wp\/v2\/types\/page"}],"author":[{"embeddable":true,"href":"https:\/\/www.erciyescam.com.tr\/en\/wp-json\/wp\/v2\/users\/3"}],"replies":[{"embeddable":true,"href":"https:\/\/www.erciyescam.com.tr\/en\/wp-json\/wp\/v2\/comments?post=13"}],"version-history":[{"count":6,"href":"https:\/\/www.erciyescam.com.tr\/en\/wp-json\/wp\/v2\/pages\/13\/revisions"}],"predecessor-version":[{"id":487,"href":"https:\/\/www.erciyescam.com.tr\/en\/wp-json\/wp\/v2\/pages\/13\/revisions\/487"}],"wp:attachment":[{"href":"https:\/\/www.erciyescam.com.tr\/en\/wp-json\/wp\/v2\/media?parent=13"}],"curies":[{"name":"wp","href":"https:\/\/api.w.org\/{rel}","templated":true}]}}