{"id":35,"date":"2015-03-09T12:38:50","date_gmt":"2015-03-09T12:38:50","guid":{"rendered":"http:\/\/aishaajans.com\/demo\/erciyes\/?page_id=35"},"modified":"2015-03-18T15:41:24","modified_gmt":"2015-03-18T15:41:24","slug":"referanslar","status":"publish","type":"page","link":"https:\/\/www.erciyescam.com.tr\/en\/referanslar\/","title":{"rendered":"References"},"content":{"rendered":"<p><\/p>\n<ul>\n<li class=\"col-md-6\">\u00c7UKUROVA BELED\u0130YES\u0130<\/li>\n<li class=\"col-md-6\">\u015e\u0130R\u0130N PARK OTEL<\/li>\n<li class=\"col-md-6\">AKSA JENERAT\u00d6R<\/li>\n<li class=\"col-md-6\">YOLBULAN BA\u015eTU\u011e METALURJ\u0130 SAN.<\/li>\n<li class=\"col-md-6\">EMRENES ORMAN \u00dcR\u00dcNLER\u0130<\/li>\n<li class=\"col-md-6\">G\u00dcNEP KURUK\u00d6PR\u00dc \u0130\u015e MERKEZ\u0130<\/li>\n<li class=\"col-md-6\">DEKOR MOB\u0130LYA<\/li>\n<li class=\"col-md-6\">TATVAN OTEL<\/li>\n<li class=\"col-md-6\">DO\u011eA KOLEJ\u0130<\/li>\n<li class=\"col-md-6\">KABULLER \u0130N\u015eAAT<\/li>\n<li class=\"col-md-6\">FEM DERSHANES\u0130<\/li>\n<li class=\"col-md-6\">SEREN T\u0130CARET<\/li>\n<li class=\"col-md-6\">SERAPARK EVLER\u0130<\/li>\n<li class=\"col-md-6\">G\u00d6KTEK\u0130N \u0130N\u015eAAT<\/li>\n<li class=\"col-md-6\">BEKARO\u011eLU \u0130N\u015eAAT<\/li>\n<li class=\"col-md-6\">ERDEVE \u0130N\u015eAAT<\/li>\n<li class=\"col-md-6\"><span style=\"line-height: 1.5;\">\u0130NAN \u0130N\u015eAAT<\/span><\/li>\n<li class=\"col-md-6\"><span style=\"line-height: 1.5;\">DA\u011eLIK \u0130N\u015eAAT<\/span><\/li>\n<li class=\"col-md-6\"><span style=\"line-height: 1.5;\">ERC\u0130YES \u0130N\u015eAAT<\/span><\/li>\n<li class=\"col-md-6\"><span style=\"line-height: 1.5;\">G\u00d6KTEK\u0130N \u0130N\u015eAAT<\/span><\/li>\n<li class=\"col-md-6\"><span style=\"line-height: 1.5;\">\u015eEN \u0130N\u015eAAT<\/span><\/li>\n<li class=\"col-md-6\"><span style=\"line-height: 1.5;\">PIRIL \u0130N\u015eAAT<\/span><\/li>\n<li class=\"col-md-6\"><span style=\"line-height: 1.5;\">OSMAN\u0130YE KORKUT ATA \u00dcN\u0130VERS\u0130TES\u0130<\/span><\/li>\n<li class=\"col-md-6\"><span style=\"line-height: 1.5;\">D\u0130YARBAKIR SGK B\u0130NASI<\/span><\/li>\n<li class=\"col-md-6\"><span style=\"line-height: 1.5;\">\u0130MAMO\u011eLU SGK B\u0130NASI<\/span><\/li>\n<li class=\"col-md-6\"><span style=\"line-height: 1.5;\">M\u0130RO\u011eLU PETROL<\/span><\/li>\n<li class=\"col-md-6\"><span style=\"line-height: 1.5;\">MI\u00c7IO\u011eULLARI<\/span><\/li>\n<li class=\"col-md-6\"><span style=\"line-height: 1.5;\">KULAK \u0130N\u015eAAT<\/span><\/li>\n<li class=\"col-md-6\"><span style=\"line-height: 1.5;\">ELALDI \u0130N\u015eAAT<\/span><\/li>\n<li class=\"col-md-6\"><span style=\"line-height: 1.5;\">HASAN AYDIN \u0130N\u015eAAT<\/span><\/li>\n<li class=\"col-md-6\"><span style=\"line-height: 1.5;\">TMZ \u0130N\u015eAAT<\/span><\/li>\n<li class=\"col-md-6\">ADANA SEYHAN BELED\u0130YES\u0130<span style=\"line-height: 1.5;\">(ISICAM G\u0130YD\u0130RME CEPHE)<\/span><\/li>\n<li class=\"col-md-6\"><span style=\"line-height: 1.5;\">ADANA SSK. HASTANES\u0130<\/span><span style=\"line-height: 1.5;\">( STR\u00dcKT\u00dcROL S\u0130L\u0130KON CEPHE)<\/span><\/li>\n<li class=\"col-md-6\"><span style=\"line-height: 1.5;\">ADANA TANRISEVEN MOB\u0130LYA<\/span><\/li>\n<li class=\"col-md-6\"><span style=\"line-height: 1.5;\">ADANA T\u00dcYAP FUAR B\u0130NASI<\/span><\/li>\n<li class=\"col-md-6\"><span style=\"line-height: 1.5;\">ADANA YATA\u015e MERKEZ<\/span><\/li>\n<li class=\"col-md-6\"><span style=\"line-height: 1.5;\">ADANA Y\u00dcREG\u0130R MOB\u0130LYA<\/span><\/li>\n<li class=\"col-md-6\"><span style=\"line-height: 1.5;\">ANKARA ORAN S\u0130TES\u0130 M\u0130LLETVEK\u0130L\u0130 LOJMANLARI<\/span><\/li>\n<li class=\"col-md-6\"><span style=\"line-height: 1.5;\">ANTAKYA CUMBALI V\u0130LLARI<\/span><\/li>\n<li class=\"col-md-6\"><span style=\"line-height: 1.5;\">ANTAKYA G\u00dcNEY OTOMOT\u0130V PLAZA<\/span><\/li>\n<li class=\"col-md-6\"><span style=\"line-height: 1.5;\">ANTAKYA SKODA PLAZA<\/span><\/li>\n<li class=\"col-md-6\"><span style=\"line-height: 1.5;\">ANTALYA BELD\u0130B\u0130 GARDEN OTEL<\/span><\/li>\n<li class=\"col-md-6\"><span style=\"line-height: 1.5;\">ANTALYA HAVAL\u0130MANI<\/span><\/li>\n<li class=\"col-md-6\"><span style=\"line-height: 1.5;\">ELAZI\u011e TELEKOM B\u0130NASI<\/span><span style=\"line-height: 1.5;\">(ISICAM G\u0130YD\u0130RME CEPHE)<\/span><\/li>\n<li class=\"col-md-6\"><span style=\"line-height: 1.5;\">\u0130STANBUL BAKIRK\u00d6Y ADL\u0130YES\u0130<\/span><\/li>\n<li class=\"col-md-6\"><span style=\"line-height: 1.5;\">K.MARA\u015e S\u00dcT\u00c7\u00dc \u0130MAM \u00dcN\u0130V. FEN-EDEB\u0130YAT FAK\u00dcLTES\u0130 (ISICAM G\u0130YD\u0130RME CEPHE)<\/span><\/li>\n<li class=\"col-md-6\"><span style=\"line-height: 1.5;\">KAYSER\u0130 ISISAN ORG. SAN.<\/span><span style=\"line-height: 1.5;\">(ISICAM G\u0130YD\u0130RME CEPHE)<\/span><\/li>\n<li class=\"col-md-6\"><span style=\"line-height: 1.5;\">KAYSER\u0130 SEBAT ALM.<\/span><span style=\"line-height: 1.5;\">(ISICAM G\u0130YD\u0130RME SEPHE)<\/span><\/li>\n<li class=\"col-md-6\"><span style=\"line-height: 1.5;\">KAYSER\u0130 T\u0130CARET ODASI<\/span><span style=\"line-height: 1.5;\">(ISICAM G\u0130YD\u0130RME CEPHE)<\/span><\/li>\n<li class=\"col-md-6\"><span style=\"line-height: 1.5;\">KONYA SEL\u00c7UK \u00dcN\u0130. SABANCI KONSERV.<\/span><span style=\"line-height: 1.5;\">(ISICAM G\u0130YD\u0130RME CEPHE)<\/span><\/li>\n<li class=\"col-md-6\"><span style=\"line-height: 1.5;\">MERS\u0130N S\u0130STEM TIP<\/span><span style=\"line-height: 1.5;\">(ISICAM G\u0130YD\u0130RME CEPHE)<\/span><\/li>\n<li class=\"col-md-6\"><span style=\"line-height: 1.5;\">MERS\u0130N S\u00dcMERBANK MA\u011eAZALARI<\/span><\/li>\n<li class=\"col-md-6\"><span style=\"line-height: 1.5;\">MERS\u0130N TKT \u00c7UKUROVA B\u00d6LGE M\u00dcD\u00dcRL\u00dc\u011e\u00dc<\/span><span style=\"line-height: 1.5;\">(ISICAM G\u0130YD\u0130RME CEPHE)<\/span><\/li>\n<li class=\"col-md-6\"><span style=\"line-height: 1.5;\">MERS\u0130N \u00dcN\u0130. TIP FAK\u00dcLTES\u0130<\/span><span style=\"line-height: 1.5;\">(ISICAM G\u0130YD\u0130RME CEPHE)<\/span><\/li>\n<li class=\"col-md-6\"><span style=\"line-height: 1.5;\">MERS\u0130N ZEYT\u0130NL\u0130BAH\u00c7E V\u0130LLARI<\/span><\/li>\n<li class=\"col-md-6\">OSMAN\u0130YE D\u00dcZ\u0130\u00c7\u0130 K\u00dcLT\u00dcR MERKEZ\u0130<span style=\"line-height: 1.5;\">(ISICAM G\u0130YD\u0130RME CEPHE)<\/span><\/li>\n<li class=\"col-md-6\"><span style=\"line-height: 1.5;\">OSMAN\u0130YE K\u00dcLT\u00dcR MERKEZ\u0130<\/span><\/li>\n<li class=\"col-md-6\"><span style=\"line-height: 1.5;\">\u015e.URFA ULUSLAR ARASI GAP HAVAALANI<\/span><\/li>\n<li class=\"col-md-6\"><span style=\"line-height: 1.5;\">TARSUS G\u00dcNEY S\u00dcT<\/span><span style=\"line-height: 1.5;\">(ISICAM G\u0130YD\u0130RME CEPHE)<\/span><\/li>\n<li class=\"col-md-6\"><span style=\"line-height: 1.5;\">TARSUS OTOGARI<\/span><\/li>\n<li class=\"col-md-6\"><span style=\"line-height: 1.5;\">TARSUS SE\u00c7\u0130L PLAST\u0130K<\/span><span style=\"line-height: 1.5;\">(ISICAM G\u0130YD\u0130RME CEPHE)<\/span><\/li>\n<li class=\"col-md-6\"><span style=\"line-height: 1.5;\">VAN ERC\u0130\u015e ER\u0130\u015eAN OTEL<\/span><\/li>\n<li class=\"col-md-6\"><span style=\"line-height: 1.5;\">ADANA ADL\u0130YES\u0130<\/span><\/li>\n<li class=\"col-md-6\"><span style=\"line-height: 1.5;\">ADANA AYKENT \u0130N\u015eAAT<\/span><\/li>\n<li class=\"col-md-6\"><span style=\"line-height: 1.5;\">ADANA BA\u015eKENT \u00dcN\u0130V.HASTANES\u0130.<\/span><span style=\"line-height: 1.5;\">(ISICAM G\u0130YD\u0130RME CEPHE)<\/span><\/li>\n<li class=\"col-md-6\"><span style=\"line-height: 1.5;\">ADANA B\u00dcY\u00dcK\u015eEH\u0130R BELED\u0130YES\u0130<\/span><span style=\"line-height: 1.5;\">(ISICAM STR\u00dcKT\u00dcROL S\u0130L\u0130KON CEPHE)<\/span><\/li>\n<li class=\"col-md-6\"><span style=\"line-height: 1.5;\">ADANA \u00c7AMLIG\u00d6L V\u0130LLALARI<\/span><\/li>\n<li class=\"col-md-6\"><span style=\"line-height: 1.5;\">ADANA CEKAP \u0130N\u015eAAT<\/span><\/li>\n<li class=\"col-md-6\"><span style=\"line-height: 1.5;\">ADANA DEFTERDARLIK B\u0130NASI<\/span><\/li>\n<li class=\"col-md-6\"><span style=\"line-height: 1.5;\">ADANA ENDER PARK MA\u011eAZASI<\/span><\/li>\n<li class=\"col-md-6\"><span style=\"line-height: 1.5;\">ADANA G\u00dcNEP \u0130N\u015eAAT<\/span><\/li>\n<li class=\"col-md-6\"><span style=\"line-height: 1.5;\">ADANA HAL\u0130L AVCI \u0130N\u015eAAT<\/span><\/li>\n<li class=\"col-md-6\"><span style=\"line-height: 1.5;\">ADANA \u0130ST\u0130KLAL T.\u00d6ZAL BULVARI<\/span><\/li>\n<li class=\"col-md-6\"><span style=\"line-height: 1.5;\">ADANA M\u00dcTAH\u0130TLER B\u0130RL\u0130\u011e\u0130 B\u0130NASI<\/span><\/li>\n<li class=\"col-md-6\"><span style=\"line-height: 1.5;\">ADANA K\u00d6SE PETROL<\/span><span style=\"line-height: 1.5;\">(STR\u00dcKT\u00dcROL S\u0130L\u0130KON CEPHE)<\/span><\/li>\n<li class=\"col-md-6\"><span style=\"line-height: 1.5;\">ADANA K\u00d6SE PETROL<\/span><span style=\"line-height: 1.5;\">(STR\u00dcKT\u00dcROL S\u0130L\u0130KON CEPHE)<\/span><\/li>\n<li class=\"col-md-6\"><span style=\"line-height: 1.5;\">ADANA M\u00dcTAH\u0130TLER B\u0130RL\u0130\u011e\u0130 B\u0130NASI<\/span><\/li>\n<li class=\"col-md-6\"><span style=\"line-height: 1.5;\">ADANA NE\u015eE KIZ \u00d6\u011eRENC\u0130 YURDU<\/span><\/li>\n<li class=\"col-md-6\"><span style=\"line-height: 1.5;\">ADANA NE\u015eE KIZ \u00d6\u011eRENC\u0130 YURDU<\/span><\/li>\n<li class=\"col-md-6\"><span style=\"line-height: 1.5;\">ADANA ORDU EV\u0130(ISICAM G\u0130YD\u0130RME CEPHE<\/span><\/li>\n<li class=\"col-md-6\"><span style=\"line-height: 1.5;\">ADANA ORHAN TA\u00c7<\/span><\/li>\n<li class=\"col-md-6\"><span style=\"line-height: 1.5;\">ADANA \u00d6Z UYAR \u0130N\u015eAAT<\/span><\/li>\n<li class=\"col-md-6\"><span style=\"line-height: 1.5;\">ADANA PARK MOB\u0130LYA<\/span><\/li>\n<li class=\"col-md-6\"><span style=\"line-height: 1.5;\">ADANA REAL-COLLEZ\u0130ONE MA\u011eAZASI<\/span><\/li>\n<li class=\"col-md-6\"><span style=\"line-height: 1.5;\">ADANA SEYHAN BELED\u0130YES\u0130<\/span><\/li>\n<\/ul>\n<p><\/p>","protected":false},"excerpt":{"rendered":"<p>\u00c7UKUROVA BELED\u0130YES\u0130 \u015e\u0130R\u0130N PARK OTEL AKSA JENERAT\u00d6R YOLBULAN BA\u015eTU\u011e METALURJ\u0130 SAN. EMRENES ORMAN \u00dcR\u00dcNLER\u0130 G\u00dcNEP KURUK\u00d6PR\u00dc \u0130\u015e MERKEZ\u0130 DEKOR MOB\u0130LYA TATVAN OTEL DO\u011eA KOLEJ\u0130 KABULLER \u0130N\u015eAAT FEM DERSHANES\u0130 SEREN T\u0130CARET SERAPARK EVLER\u0130 G\u00d6KTEK\u0130N \u0130N\u015eAAT BEKARO\u011eLU \u0130N\u015eAAT ERDEVE \u0130N\u015eAAT \u0130NAN \u0130N\u015eAAT DA\u011eLIK \u0130N\u015eAAT ERC\u0130YES \u0130N\u015eAAT G\u00d6KTEK\u0130N \u0130N\u015eAAT \u015eEN \u0130N\u015eAAT PIRIL \u0130N\u015eAAT [&hellip;]<\/p>\n","protected":false},"author":3,"featured_media":0,"parent":0,"menu_order":0,"comment_status":"open","ping_status":"closed","template":"","meta":{"footnotes":""},"class_list":["post-35","page","type-page","status-publish","hentry"],"_links":{"self":[{"href":"https:\/\/www.erciyescam.com.tr\/en\/wp-json\/wp\/v2\/pages\/35","targetHints":{"allow":["GET"]}}],"collection":[{"href":"https:\/\/www.erciyescam.com.tr\/en\/wp-json\/wp\/v2\/pages"}],"about":[{"href":"https:\/\/www.erciyescam.com.tr\/en\/wp-json\/wp\/v2\/types\/page"}],"author":[{"embeddable":true,"href":"https:\/\/www.erciyescam.com.tr\/en\/wp-json\/wp\/v2\/users\/3"}],"replies":[{"embeddable":true,"href":"https:\/\/www.erciyescam.com.tr\/en\/wp-json\/wp\/v2\/comments?post=35"}],"version-history":[{"count":16,"href":"https:\/\/www.erciyescam.com.tr\/en\/wp-json\/wp\/v2\/pages\/35\/revisions"}],"predecessor-version":[{"id":484,"href":"https:\/\/www.erciyescam.com.tr\/en\/wp-json\/wp\/v2\/pages\/35\/revisions\/484"}],"wp:attachment":[{"href":"https:\/\/www.erciyescam.com.tr\/en\/wp-json\/wp\/v2\/media?parent=35"}],"curies":[{"name":"wp","href":"https:\/\/api.w.org\/{rel}","templated":true}]}}