{"id":39,"date":"2015-03-09T12:39:16","date_gmt":"2015-03-09T12:39:16","guid":{"rendered":"http:\/\/aishaajans.com\/demo\/erciyes\/?page_id=39"},"modified":"2015-03-23T07:55:03","modified_gmt":"2015-03-23T07:55:03","slug":"sikca-sorulan-sorular","status":"publish","type":"page","link":"https:\/\/www.erciyescam.com.tr\/en\/sikca-sorulan-sorular\/","title":{"rendered":"FAQ"},"content":{"rendered":"<p><\/p>\n<div id=\"accordion\" class=\"panel-group\" style=\"text-align: justify;\">\n<div class=\"panel panel-default\">\n<div id=\"headingOne\" class=\"panel-heading\">\n<h4 class=\"panel-title\"><a href=\"#collapseOne\" data-toggle=\"collapse\" data-parent=\"#accordion\"><br \/>\nHow to make heat insulation with glass?<br \/>\n<\/a><\/h4>\n<\/div>\n<div id=\"collapseOne\" class=\"panel-collapse collapse\">\n<div class=\"panel-body\">\n<p>There is significant amount of heat loss during winter if single glass is used in the windows. Insulating glass unit is developed in order to resolve negative effects of single glass insulation. In terms of insulation, insulating glass application had started in 1974, under the leadership of TRAKYA CAM, and was presented to the market with brand ISICAM. TRAKYA CAM\u2019s own facilities.<\/p>\n<p>ISICAM is produced at Trakya Cam\u2019s own facilities and at 155 ISICAM authorized manufacturers which are regularly inspected.<\/p>\n<p>Is\u0131cam decreases heat loss %50 compared to single glass. Low-e coated glass is developed in order to increase inculation, save more energy and to pass beyond. Trakya Cam supplies heat control coated insulating glass unit under the brand name Is\u0131cam Sinerji to the market. ISICAM SINERJI decreases heat loss by %50 compared to standard insulating units, thanks to the heat control feature. By this way, the energy spent in order to heat reduced and saving in heating costs is provided. In Turkey, where four seasons are lived at the same time, it is important to protect from cold during winter. The brand name of the coated insulating glass unit that provides sun and heat control of Trakya Cam is called ISICAM KONFOR. It provides savings in cooling casts during summer and heating casts during winter with reducing heat loss by also and solar input by %40.<\/p>\n<p>As a result the but heat insulation at insulating glass units is achieved through,<\/p>\n<ul>\n<li>Usage of Is\u0131cam Sinerji, Is\u0131cam Sinerji 3+, Is\u0131cam Konfor or Is\u0131cam Konfor 3+<\/li>\n<li>The spacer with between two glasses should be minimum 16 mm<\/li>\n<li>The airspace between the glasses should be filled with argon<\/li>\n<\/ul>\n<\/div>\n<\/div>\n<\/div>\n<div class=\"panel panel-default\">\n<div id=\"headingTwo\" class=\"panel-heading\">\n<h4 class=\"panel-title\"><a href=\"#collapseTwo\" data-toggle=\"collapse\" data-parent=\"#accordion\"><br \/>\nDo the insulation valves change according to the glass thickness?<br \/>\n<\/a><\/h4>\n<\/div>\n<div id=\"collapseTwo\" class=\"panel-collapse collapse\">\n<div class=\"panel-body\">The increase in glass thickness doesn\u2019t contribute to the heat insulation, but glass should be thicker as the are covered by the glass gets bigger.<\/div>\n<\/div>\n<\/div>\n<\/div>\n<div class=\"panel panel-default\" style=\"text-align: justify;\">\n<div id=\"headingThree\" class=\"panel-heading\">\n<h4 class=\"panel-title\"><a href=\"#collapseThree\" data-toggle=\"collapse\" data-parent=\"#accordion\"><br \/>\nWhat type of glass must be used for heat insulation in accordance with legal regulations?<br \/>\n<\/a><\/h4>\n<\/div>\n<div id=\"collapseThree\" class=\"panel-collapse collapse\">\n<div class=\"panel-body\">\n<p>Energy Performance Buildings Directive is implemented through the energy efficiency law for better insulation performance and to achieve energy saving.<\/p>\n<p>The directive takes TS 825 standards of heat insulation as reference for building materials insulation valves and calculation methods.<\/p>\n<p>TS 825 heat insulation standard pules evaluate glazing in two separate groups.<\/p>\n<ul>\n<li><strong>Classic window glazing<\/strong><\/li>\n<\/ul>\n<p>The heat insulation valve (window) is recommended to be 2,4 w\/w2K for the whole window unit (window + glass) in our country for four regions.<\/p>\n<p>In order to reach the desired insulating valves the glass used in a standard window should be heat control coated (Is\u0131cam Sinerji) or sun and heat control coated (Is\u0131cam Konfor)<\/p>\n<p>The related products at the construction wit analysis which are published by the Environment and Urban Ministry;<\/p>\n<ul>\n<li>Heat control coated insulating glass (Is\u0131cam Sinerji) Pose no:Y.28.645\/C21-C30<\/li>\n<li>Sun and heat control coated insulating glass (Is\u0131cam Konfor) Pose no:Y.28.645\/C41-C52<\/li>\n<\/ul>\n<ul>\n<li><strong>Curtain Wall glazing<\/strong><\/li>\n<\/ul>\n<p>The related standard suggests the heat insulation value to be lower than 2,1 W\/m2 K at a curtain wall glazing system in case of a building coated with glass more than %60.<\/p>\n<p>Tempered, colored and reflective coated type of glasses are used on the outer surface of the insulating glass units at the curtain wall system of the building in order to overcome heat, sun radiation control and security problems. In order to achieve the thermal insulation value specified at the standard the glass used at the inner part of the insulating glass at the curtain wall glazing system. In order to achieve the standard the thermal insulation valve specified at the standard the glass used on the inner part of the insulating glass of the curtain wall glazing should be thermal control coated (LOW-E)<\/p>\n<\/div>\n<\/div>\n<\/div>\n<div class=\"panel panel-default\" style=\"text-align: justify;\">\n<div id=\"headingFour\" class=\"panel-heading\">\n<h4 class=\"panel-title\"><a href=\"#collapseFour\" data-toggle=\"collapse\" data-parent=\"#accordion\"><br \/>\nHow to ensure safety and security with glass?<br \/>\n<\/a><\/h4>\n<\/div>\n<div id=\"collapseFour\" class=\"panel-collapse collapse\">\n<div class=\"panel-body\">\n<p>To contribute to future external shocks and protect life and property against attacks tempering and laminating processes applied to glass reduces the risk of injury and breaking, helps glass to gain safety and security features.<\/p>\n<p>Tempered glass is approximately 5 times more impact resistant than plain glass. Tempered glass is suitable for use as safety glass, because it is divided in to small and not sharp pieces when broken and reduces the risk of injury. TRC Duracam is the trademark of TRAKYA CAM\u2019s tempered glass.<\/p>\n<p>Laminated glass is produced by combination of two or more sheet of glass under heat and pressure with the help of PVB (Polyvinyl butyral) interlayers TRC Lameks is the trademark of TRAKYA CAM\u2019s laminated glass.<\/p>\n<p>Laminated glass,<\/p>\n<ul>\n<li>Reduces the risk of in Jury in case of breakage holding parts in place.<\/li>\n<li>Presents and delays the unwanted transitions from one side to the other.<\/li>\n<\/ul>\n<p>Laminated glass is used at windows, roof-ceiling windows, railings, interior panels, museums, banks, hospitals (especially psychiatric clinics), police stations and military institutions and sports complexes where activity is intense.<\/p>\n<\/div>\n<\/div>\n<\/div>\n<div class=\"panel panel-default\" style=\"text-align: justify;\">\n<div id=\"headingFive\" class=\"panel-heading\">\n<h4 class=\"panel-title\"><a href=\"#collapseFive\" data-toggle=\"collapse\" data-parent=\"#accordion\"><br \/>\nHow noise is controlled by glass?<br \/>\n<\/a><\/h4>\n<\/div>\n<div id=\"collapseFive\" class=\"panel-collapse collapse\">\n<div class=\"panel-body\">\n<p>Noise control glasses reduce the input space noise that threatens the human health.<\/p>\n<p>Usage of different thicknesses or laminated glass on one of the sides of insulating glass units reduces noise from cute ring the interior. There is a need to use TRAKYA CAM\u2019s specially developed product, acoustic laminated glass in high ambient noise levels for more effective sound insulation. Noise control performance at the windows can be increased by using acoustic laminated glass at the insulating glass units. Glass thickness and combination should be chosen according to the strength and type of the noise.<\/p>\n<p>Laminated glass is produced by combination of two sheets of glass under heat and pressure with a sound absorbing inter\u2026. It is necessary to make measures not only at the glasses but also at the wall, at the roof and at the window units for effective noise insulation.<\/p>\n<\/div>\n<\/div>\n<\/div>\n<div class=\"panel panel-default\" style=\"text-align: justify;\">\n<div id=\"headingSix\" class=\"panel-heading\">\n<h4 class=\"panel-title\"><a href=\"#collapseSix\" data-toggle=\"collapse\" data-parent=\"#accordion\"><br \/>\nWhat is the scope of the Is\u0131cam 10 year warranty?<br \/>\n<\/a><\/h4>\n<\/div>\n<div id=\"collapseSix\" class=\"panel-collapse collapse\">\n<div class=\"panel-body\">\n<p>Is\u0131cam has 10 YEAR guarantee starting from the date of production against interspace evaporation and malfunction which result from incorrect production and manufacturing errors.<\/p>\n<p>Grid, jalousie, evrued and so on insulating glass units are not covered by the warranty and Is\u0131cam Authorized Producer is responsible for the possible problems.<\/p>\n<p>Usage of Is\u0131cam anywhere but the window units any kind of breakage of glass and waters other than written there are not covered of the warranty.<\/p>\n<p>Browstar circle double glass effect, coloration of insulating glass units produced with tempered glass ( leopard spots) optical fluctuations in images resulted by the differences in thermal and barometric conditions outer surface sweating which occurs due to the atmospheric conditions seem in the insulating glass units are considered as usual conditions, but not as an error.<\/p>\n<p>Warranties related to deterioration, resulting from errors made during installation, is the responsibility of the company engaged in the installation.<\/p>\n<\/div>\n<\/div>\n<\/div>\n<div class=\"panel panel-default\" style=\"text-align: justify;\">\n<div id=\"headingSeven\" class=\"panel-heading\">\n<h4 class=\"panel-title\"><a href=\"#collapseSeven\" data-toggle=\"collapse\" data-parent=\"#accordion\"><br \/>\nDoes the interspace in Is\u0131cam evaporate?<br \/>\n<\/a><\/h4>\n<\/div>\n<div id=\"collapseSeven\" class=\"panel-collapse collapse\">\n<div class=\"panel-body\">\n<p>Evaporation between two glass sheets is on error that ends the ability of insulating glass unit which is resulted by manufacturing or installation mistakes. The Is\u0131cam unit is replaced in such a situation under warranty.<\/p>\n<p>As indicated in the European and Turkish standards sweating at the inner surface of Is\u0131cam during winter (room-facing side) is a natural event which occurs by coming together of certain physical conditions. Change in physical conditions eliminate problems are usually more annoying in unventilated conditions.<\/p>\n<p>The most important source moisture in building are bathroom, kitchen, laundry dried inside. Also flowers inside the buildings, aquariums and smokeless liquid gas stoves are among the most important source of moisture.<\/p>\n<p>PCV window units which have better seal compared to wood and single glass window units, completely to cut off circulation in rooms with ambient air. The airtight paints used in painting and white washing the walls are causing perspiration to start early and acting as a carrier to increased moisture in the room to escape.<\/p>\n<p>Also in door humidity will be greater than normal at the new buildings, because at the average amount water being released during drying.<\/p>\n<p>Measures to be taken against perspiration. The possibility of perspiration decreases when Is\u0131cam Sinerji and Is\u0131cam Konfor are used.<\/p>\n<p>The moisture level can be decreased by ventilating bathroom, kitchen, laundry drying area&#8230;etc. Where moisture levels are higher relatively.<\/p>\n<p>Ventilation should be more often where l\u0131quid gas stove and catalytic type heaters are need, which would lead to the formations of excess water vapor.<\/p>\n<p>Ventilation should be wire often if there is an aquarium or large quantities of flowers at the house.<\/p>\n<p>When high quality window units are used because they have very good sealing prevent leakage of air and thus providing a better thermal insulation, window built in ventilation units and or opening the window periodically to benefit from systemic ventilation should be used end or done.<\/p>\n<\/div>\n<\/div>\n<\/div>\n<div class=\"panel panel-default\" style=\"text-align: justify;\">\n<div id=\"headingEight\" class=\"panel-heading\">\n<h4 class=\"panel-title\"><a href=\"#collapseEight\" data-toggle=\"collapse\" data-parent=\"#accordion\"><br \/>\nHow is ISICAM S\u0130NERJ\u0130 AND ISICAM KONFOR distinguished from other glass?<br \/>\n<\/a><\/h4>\n<\/div>\n<div id=\"collapseEight\" class=\"panel-collapse collapse\">\n<div class=\"panel-body\">\n<div><img loading=\"lazy\" decoding=\"async\" class=\"img-responsive alignnone wp-image-59 size-large\" src=\"http:\/\/aishaajans.com\/demo\/erciyes\/wp-content\/uploads\/2015\/03\/htmlimage-1024x383.png\" alt=\"htmlimage\" width=\"1024\" height=\"383\" srcset=\"https:\/\/www.erciyescam.com.tr\/wp-content\/uploads\/2015\/03\/htmlimage-1024x383.png 1024w, https:\/\/www.erciyescam.com.tr\/wp-content\/uploads\/2015\/03\/htmlimage-300x112.png 300w, https:\/\/www.erciyescam.com.tr\/wp-content\/uploads\/2015\/03\/htmlimage-768x288.png 768w, https:\/\/www.erciyescam.com.tr\/wp-content\/uploads\/2015\/03\/htmlimage.png 1223w\" sizes=\"auto, (max-width: 1024px) 100vw, 1024px\" \/><\/div>\n<div>Low-e coated surface an Is\u0131cam Sinerji and Is\u0131cam Konfor reflects the lighter flame red or pink while the other 3 an coated surfaces reflects yellowish flame .4 flames are seen the same color if there are no coatings<\/div>\n<\/div>\n<\/div>\n<\/div>\n<div class=\"panel panel-default\" style=\"text-align: justify;\">\n<div id=\"headingNine\" class=\"panel-heading\">\n<h4 class=\"panel-title\"><a href=\"#collapseNine\" data-toggle=\"collapse\" data-parent=\"#accordion\"><br \/>\nIs\u0131cam Sinerji and Is\u0131cam Konfor expensive?<br \/>\n<\/a><\/h4>\n<\/div>\n<div id=\"collapseNine\" class=\"panel-collapse collapse\">\n<div class=\"panel-body\">\n<p>Preference of Is\u0131cam Sinerji and Is\u0131cam Konfor carries a kind of investment property for the benefits to be derived in the future. The extra \u0130nvestment spent in the first stage for Is\u0131cam Sinerji is recovered in 1-2 years with to savings to be achieved in energy cost and forth remaining life of the building, earnings continue to be provided.<\/p>\n<p>Air conditioning investment cost saving can be achieved by distaining a tower holding capacity of the air conditioner facilities at the building where Is\u0131cam Konfor is used. The initial investment payback period is 1-2 years in addition with the energy saving cost.<\/p>\n<\/div>\n<\/div>\n<\/div>\n<div class=\"panel panel-default\" style=\"text-align: justify;\">\n<div id=\"headingTen\" class=\"panel-heading\">\n<h4 class=\"panel-title\"><a href=\"#collapseTen\" data-toggle=\"collapse\" data-parent=\"#accordion\"><br \/>\nHow to clean Is\u0131cam Sinerji and Is\u0131cam Konfor?<br \/>\n<\/a><\/h4>\n<\/div>\n<div id=\"collapseTen\" class=\"panel-collapse collapse\">\n<div class=\"panel-body\">Abrasive material like knife, hard surface sponge, metal, and chemical&#8230;exc. Which will cause scratches on the glass surface permanently should not be used for cleaning Is\u0131cam Sinerji and Is\u0131cam Konfor.<\/div>\n<\/div>\n<\/div>\n<div class=\"panel panel-default\" style=\"text-align: justify;\">\n<div id=\"headingEleven\" class=\"panel-heading\">\n<h4 class=\"panel-title\"><a href=\"#collapseEleven\" data-toggle=\"collapse\" data-parent=\"#accordion\"><br \/>\nIs it possible to gain Is\u0131cam Sinerji and Is\u0131cam Konfor to existing glass?<br \/>\n<\/a><\/h4>\n<\/div>\n<div id=\"collapseEleven\" class=\"panel-collapse collapse\">\n<div class=\"panel-body\">Within the Is\u0131cam Sinerji and Is\u0131cam Konfor products are specially coated glass in the factory environment. Coating cannot be applied to existing windows. Therefore the current insulating glass units must be replaced with Is\u0131cam Sinerji and Is\u0131cam Konfor.<\/div>\n<\/div>\n<\/div>\n<div class=\"panel panel-default\" style=\"text-align: justify;\">\n<div id=\"headingTwelve\" class=\"panel-heading\">\n<h4 class=\"panel-title\"><a href=\"#collapseTwelve\" data-toggle=\"collapse\" data-parent=\"#accordion\"><br \/>\nIs it possible to apply Is\u0131cam Sinerji and Is\u0131cam Konfor without changing the existing window?<br \/>\n<\/a><\/h4>\n<\/div>\n<div id=\"collapseTwelve\" class=\"panel-collapse collapse\">\n<div class=\"panel-body\">Is\u0131cam Sinerji and Is\u0131cam Konfor can be applied with the save dimensions and appropriate combinations by removing the insulating glass units without \u2026\u2026\u2026\u2026..the windows&#8230;<\/div>\n<\/div>\n<\/div>\n<div class=\"panel panel-default\">\n<div id=\"headingThirteen\" class=\"panel-heading\">\n<h4 class=\"panel-title\"><a href=\"#collapseThirteen\" data-toggle=\"collapse\" data-parent=\"#accordion\"><br \/>\nTo what kind of frames can we apply Is\u0131cam Sinerji and Is\u0131cam Konfor?<br \/>\n<\/a><\/h4>\n<\/div>\n<div id=\"collapseThirteen\" class=\"panel-collapse collapse\">\n<div class=\"panel-body\">Is\u0131cam Sinerji and Is\u0131cam Konfor should be used with insulated frames and they are applicable to all kinds of frames, with insulating glass unit assembly principles, such as wood, pvc and aluminum.<\/div>\n<\/div>\n<\/div>\n<p><\/p>","protected":false},"excerpt":{"rendered":"<p>How to make heat insulation with glass? There is significant amount of heat loss during winter if single glass is used in the windows. Insulating glass unit is developed in order to resolve negative effects of single glass insulation. In terms of insulation, insulating glass application had started in 1974, [&hellip;]<\/p>\n","protected":false},"author":3,"featured_media":0,"parent":0,"menu_order":0,"comment_status":"open","ping_status":"closed","template":"","meta":{"footnotes":""},"class_list":["post-39","page","type-page","status-publish","hentry"],"_links":{"self":[{"href":"https:\/\/www.erciyescam.com.tr\/en\/wp-json\/wp\/v2\/pages\/39","targetHints":{"allow":["GET"]}}],"collection":[{"href":"https:\/\/www.erciyescam.com.tr\/en\/wp-json\/wp\/v2\/pages"}],"about":[{"href":"https:\/\/www.erciyescam.com.tr\/en\/wp-json\/wp\/v2\/types\/page"}],"author":[{"embeddable":true,"href":"https:\/\/www.erciyescam.com.tr\/en\/wp-json\/wp\/v2\/users\/3"}],"replies":[{"embeddable":true,"href":"https:\/\/www.erciyescam.com.tr\/en\/wp-json\/wp\/v2\/comments?post=39"}],"version-history":[{"count":18,"href":"https:\/\/www.erciyescam.com.tr\/en\/wp-json\/wp\/v2\/pages\/39\/revisions"}],"predecessor-version":[{"id":497,"href":"https:\/\/www.erciyescam.com.tr\/en\/wp-json\/wp\/v2\/pages\/39\/revisions\/497"}],"wp:attachment":[{"href":"https:\/\/www.erciyescam.com.tr\/en\/wp-json\/wp\/v2\/media?parent=39"}],"curies":[{"name":"wp","href":"https:\/\/api.w.org\/{rel}","templated":true}]}}