{"id":69,"date":"2015-03-09T15:52:33","date_gmt":"2015-03-09T15:52:33","guid":{"rendered":"http:\/\/aishaajans.com\/demo\/erciyes\/?page_id=69"},"modified":"2015-03-18T15:57:19","modified_gmt":"2015-03-18T15:57:19","slug":"isicam-sinerji","status":"publish","type":"page","link":"https:\/\/www.erciyescam.com.tr\/en\/isicam-sinerji\/","title":{"rendered":"Is\u0131cam Sinerji"},"content":{"rendered":"<p><\/p>\n<ul>\n<li style=\"text-align: justify;\"><strong>Is\u0131cam Sinerji<\/strong> is the trademark of insulating glass units of Trakya Cam incorporating Low-E (heat control) coating.<\/li>\n<\/ul>\n<p style=\"padding-left: 30px; text-align: justify;\">&#8220;Is\u0131cam Sinerji vertical section&#8221;<\/p>\n<ul style=\"text-align: justify;\">\n<li><strong>Is\u0131cam\u00ae<\/strong> Sinerji insulating glass units can be identified in below mentioned ways;<\/li>\n<\/ul>\n<p style=\"padding-left: 30px; text-align: justify;\">Name of the licensed <strong>Is\u0131cam Sinerji<\/strong> producer, and Is\u0131cam Sinerji trademark on to the spacer bar.<\/p>\n<p style=\"padding-left: 30px; text-align: justify;\">Is\u0131cam Sinerji label on the insulating glass unit.<\/p>\n<ul>\n<li style=\"text-align: justify;\"><strong>Is\u0131cam Sinerji<\/strong> has a neutral appearance closer to clear float glass.<\/li>\n<li style=\"text-align: justify;\">It provides high light transmittance.<\/li>\n<li style=\"text-align: justify;\"><strong>Is\u0131cam Sinerji<\/strong> decreases heat loss by 72 % when compared with single glazing and by 45 % when compared with Classic Is\u0131cam\u00ae Therefore effective thermal insulation is provided and heating expenses are reduced.<\/li>\n<li style=\"text-align: justify;\">Initial investment cost is paid back in 3 to 5 years by providing heating energy savings.<\/li>\n<li style=\"text-align: justify;\">In winter, cold spots by windows are eliminated and heat inside the room is radiated equally.<\/li>\n<li style=\"text-align: justify;\"><strong>Is\u0131cam Sinerji<\/strong> is produced in Trakya Cam plants and in the plants of licensed Is\u0131cam Sinerji producers which are audited regularly by Trakya Cam.<\/li>\n<li style=\"text-align: justify;\">Considering the geographical locations, the Low-E (heat control) coating can be placed on the second or third surface of the <strong>Is\u0131cam Sinerji<\/strong> unit.<\/li>\n<\/ul>\n<p><\/p>","protected":false},"excerpt":{"rendered":"<p>Is\u0131cam Sinerji is the trademark of insulating glass units of Trakya Cam incorporating Low-E (heat control) coating. &#8220;Is\u0131cam Sinerji vertical section&#8221; Is\u0131cam\u00ae Sinerji insulating glass units can be identified in below mentioned ways; Name of the licensed Is\u0131cam Sinerji producer, and Is\u0131cam Sinerji trademark on to the spacer bar. Is\u0131cam [&hellip;]<\/p>\n","protected":false},"author":3,"featured_media":0,"parent":0,"menu_order":0,"comment_status":"open","ping_status":"closed","template":"urunler.php","meta":{"footnotes":""},"class_list":["post-69","page","type-page","status-publish","hentry"],"_links":{"self":[{"href":"https:\/\/www.erciyescam.com.tr\/en\/wp-json\/wp\/v2\/pages\/69","targetHints":{"allow":["GET"]}}],"collection":[{"href":"https:\/\/www.erciyescam.com.tr\/en\/wp-json\/wp\/v2\/pages"}],"about":[{"href":"https:\/\/www.erciyescam.com.tr\/en\/wp-json\/wp\/v2\/types\/page"}],"author":[{"embeddable":true,"href":"https:\/\/www.erciyescam.com.tr\/en\/wp-json\/wp\/v2\/users\/3"}],"replies":[{"embeddable":true,"href":"https:\/\/www.erciyescam.com.tr\/en\/wp-json\/wp\/v2\/comments?post=69"}],"version-history":[{"count":4,"href":"https:\/\/www.erciyescam.com.tr\/en\/wp-json\/wp\/v2\/pages\/69\/revisions"}],"predecessor-version":[{"id":492,"href":"https:\/\/www.erciyescam.com.tr\/en\/wp-json\/wp\/v2\/pages\/69\/revisions\/492"}],"wp:attachment":[{"href":"https:\/\/www.erciyescam.com.tr\/en\/wp-json\/wp\/v2\/media?parent=69"}],"curies":[{"name":"wp","href":"https:\/\/api.w.org\/{rel}","templated":true}]}}